{"id":5709,"date":"2018-11-15T10:49:39","date_gmt":"2018-11-15T10:49:39","guid":{"rendered":"https:\/\/boldlab.qodeinteractive.com\/elementor\/?page_id=629"},"modified":"2022-04-22T10:37:44","modified_gmt":"2022-04-22T08:37:44","slug":"blog","status":"publish","type":"page","link":"https:\/\/patoagencja.com\/main\/blog\/","title":{"rendered":"Blog"},"content":{"rendered":"<p>[vc_row][vc_column]<div class=\"qodef-shortcode qodef-m  qodef-blog qodef--list qodef-item-layout--standard  qodef-grid qodef-layout--columns  qodef-gutter--huge qodef-col-num--1 qodef-item-layout--standard qodef-pagination--on qodef-pagination-type--standard qodef-responsive--predefined\" data-options=\"{&quot;plugin&quot;:&quot;boldlab_core&quot;,&quot;module&quot;:&quot;blog\\\/shortcodes&quot;,&quot;shortcode&quot;:&quot;blog-list&quot;,&quot;post_type&quot;:&quot;post&quot;,&quot;next_page&quot;:&quot;2&quot;,&quot;max_pages_num&quot;:1,&quot;behavior&quot;:&quot;columns&quot;,&quot;images_proportion&quot;:&quot;full&quot;,&quot;columns&quot;:&quot;1&quot;,&quot;space&quot;:&quot;huge&quot;,&quot;columns_responsive&quot;:&quot;predefined&quot;,&quot;columns_1440&quot;:&quot;3&quot;,&quot;columns_1366&quot;:&quot;3&quot;,&quot;columns_1024&quot;:&quot;3&quot;,&quot;columns_768&quot;:&quot;3&quot;,&quot;columns_680&quot;:&quot;3&quot;,&quot;columns_480&quot;:&quot;3&quot;,&quot;posts_per_page&quot;:&quot;5&quot;,&quot;orderby&quot;:&quot;date&quot;,&quot;order&quot;:&quot;DESC&quot;,&quot;layout&quot;:&quot;standard&quot;,&quot;title_tag&quot;:&quot;h3&quot;,&quot;excerpt_length&quot;:&quot;500&quot;,&quot;pagination_type&quot;:&quot;standard&quot;,&quot;loading_animation&quot;:&quot;no&quot;,&quot;object_class_name&quot;:&quot;BoldlabCoreBlogListShortcode&quot;,&quot;taxonomy_filter&quot;:&quot;category&quot;,&quot;justified_attr&quot;:&quot;{\\&quot;rowHeight\\&quot;:\\&quot;\\&quot;,\\&quot;spaceBetween\\&quot;:40}&quot;}\" data-justified-options=\"{&quot;rowHeight&quot;:&quot;&quot;,&quot;spaceBetween&quot;:40}\">\n\t\t<div class=\"qodef-grid-inner clear\">\n\t\t<article class=\"qodef-e qodef-grid-item qodef-item--full post-5820 post type-post status-publish format-standard has-post-thumbnail hentry category-news\">\n\t<div class=\"qodef-e-inner\">\n\t\t<div class=\"qodef-e-media\">\n\t\t<div class=\"qodef-e-media-image\">\n\t\t\t\t\t<a itemprop=\"url\" href=\"https:\/\/patoagencja.com\/main\/jak-zalozylismy-agencje\/\" title=\"Jak za\u0142o\u017cyli\u015bmy agencj\u0119: Daniel Koszuk i Piotr Michalak (Patoagencja)\">\n\t\t\t\t\t<img loading=\"lazy\" decoding=\"async\" width=\"1779\" height=\"775\" src=\"https:\/\/patoagencja.com\/wp-content\/uploads\/2022\/06\/Zrzut-ekranu-2022-06-10-o-14.55.45-e1654871897203.png\" class=\"attachment-full size-full wp-post-image\" alt=\"\" srcset=\"https:\/\/patoagencja.com\/wp-content\/uploads\/2022\/06\/Zrzut-ekranu-2022-06-10-o-14.55.45-e1654871897203.png 1779w, https:\/\/patoagencja.com\/wp-content\/uploads\/2022\/06\/Zrzut-ekranu-2022-06-10-o-14.55.45-e1654871897203-300x131.png 300w, https:\/\/patoagencja.com\/wp-content\/uploads\/2022\/06\/Zrzut-ekranu-2022-06-10-o-14.55.45-e1654871897203-1024x446.png 1024w, https:\/\/patoagencja.com\/wp-content\/uploads\/2022\/06\/Zrzut-ekranu-2022-06-10-o-14.55.45-e1654871897203-768x335.png 768w, https:\/\/patoagencja.com\/wp-content\/uploads\/2022\/06\/Zrzut-ekranu-2022-06-10-o-14.55.45-e1654871897203-1536x669.png 1536w, https:\/\/patoagencja.com\/wp-content\/uploads\/2022\/06\/Zrzut-ekranu-2022-06-10-o-14.55.45-e1654871897203-600x261.png 600w\" sizes=\"auto, (max-width: 1779px) 100vw, 1779px\" \/>\t\t\t\t\t<\/a>\n\t\t\t<\/div>\n<\/div>\t\t<div class=\"qodef-e-content\">\n\t\t\t<div class=\"qodef-e-info qodef-info--top\">\n\t\t\t\t<div class=\"qodef-e-info-item qodef-e-info-category\">\n\t<a href=\"https:\/\/patoagencja.com\/main\/category\/marketing\/news\/\" rel=\"category tag\">News<\/a><\/div>\t\t\t<\/div>\n\t\t\t<div class=\"qodef-e-text\">\n\t\t\t\t<h3 itemprop=\"name\" class=\"qodef-e-title entry-title\">\n\t\t\t<a itemprop=\"url\" class=\"qodef-e-title-link\" href=\"https:\/\/patoagencja.com\/main\/jak-zalozylismy-agencje\/\" title=\"Jak za\u0142o\u017cyli\u015bmy agencj\u0119: Daniel Koszuk i Piotr Michalak (Patoagencja)\">\n\t\t\tJak za\u0142o\u017cyli\u015bmy agencj\u0119: Daniel Koszuk i Piotr Michalak (Patoagencja)\t\t\t<\/a>\n\t<\/h3>\t\t<p itemprop=\"description\" class=\"qodef-e-excerpt\">\n\t\t\tRynek reklamowy jest mocno spolaryzowany.\r\nNajpro\u015bciej rzecz ujmuj\u0105c na rynku agencyjnym oraz klienckim obecne s\u0105 firmy ma\u0142e i du\u017ce, kt\u00f3re \u0142\u0105cz\u0105 si\u0119 w pary wed\u0142ug tego samego klucza.\r\nStatystycznie, globalne korporacje cz\u0119\u015bciej wsp\u00f3\u0142pracuj\u0105 z du\u017cymi domami mediowymi (sieciowymi), a firmy lokalne korzystaj\u0105 z us\u0142ug ma\u0142ych agencji po prostu dlatego, \u017ce s\u0105 ta\u0144sze.\t\t<\/p>\n\t\t\t\t<\/div>\n\t\t\t<div class=\"qodef-e-info qodef-info--bottom\">\n\t\t\t\t<div class=\"qodef-e-info-left\">\n\t\t\t\t\t    <div class=\"qodef-e-read-more\">\n\t\t<a class=\"qodef-shortcode qodef-m  qodef-button qodef-layout--textual \" href=\"https:\/\/patoagencja.com\/main\/jak-zalozylismy-agencje\/\" target=\"_self\"  >\t<span class=\"qodef-m-text\">Read More _<\/span><\/a>    <\/div>\n\t\t\t\t<\/div>\n\t\t\t\t<div class=\"qodef-e-info-right\">\n\t\t\t\t\t<div class=\"qodef-e-info-item qodef-e-info-author\">\n\t<span class=\"qodef-e-info-author-label\">By<\/span>\n\t<a itemprop=\"author\" class=\"qodef-e-info-author-link\" href=\"https:\/\/patoagencja.com\/main\/author\/patus\/\">\n\t\tPatus\t<\/a>\n<\/div><div itemprop=\"dateCreated\" class=\"qodef-e-info-item qodef-e-info-date entry-date published updated\">\n\t<a itemprop=\"url\" href=\"https:\/\/patoagencja.com\/main\/2022\/06\/\" title=\"Jak za\u0142o\u017cyli\u015bmy agencj\u0119: Daniel Koszuk i Piotr Michalak (Patoagencja)\">10 czerwca 2022<\/a>\n\t<meta itemprop=\"interactionCount\" content=\"UserComments: 0\"\/>\n<\/div>\t\t\t\t<\/div>\n\t\t\t<\/div>\n\t\t<\/div>\n\t<\/div>\n<\/article><article class=\"qodef-e qodef-grid-item qodef-item--full post-438 post type-post status-publish format-standard has-post-thumbnail hentry category-news\">\n\t<div class=\"qodef-e-inner\">\n\t\t<div class=\"qodef-e-media\">\n\t\t<div class=\"qodef-e-media-image\">\n\t\t\t\t\t<a itemprop=\"url\" href=\"https:\/\/patoagencja.com\/main\/maly-ale-wariat\/\" title=\"ma\u0142y ale WARIAT\">\n\t\t\t\t\t<img loading=\"lazy\" decoding=\"async\" width=\"1712\" height=\"680\" src=\"https:\/\/patoagencja.com\/wp-content\/uploads\/2022\/04\/Projekt-bez-tytulu.gif\" class=\"attachment-full size-full wp-post-image\" alt=\"\" \/>\t\t\t\t\t<\/a>\n\t\t\t<\/div>\n<\/div>\t\t<div class=\"qodef-e-content\">\n\t\t\t<div class=\"qodef-e-info qodef-info--top\">\n\t\t\t\t<div class=\"qodef-e-info-item qodef-e-info-category\">\n\t<a href=\"https:\/\/patoagencja.com\/main\/category\/marketing\/news\/\" rel=\"category tag\">News<\/a><\/div>\t\t\t<\/div>\n\t\t\t<div class=\"qodef-e-text\">\n\t\t\t\t<h3 itemprop=\"name\" class=\"qodef-e-title entry-title\">\n\t\t\t<a itemprop=\"url\" class=\"qodef-e-title-link\" href=\"https:\/\/patoagencja.com\/main\/maly-ale-wariat\/\" title=\"ma\u0142y ale WARIAT\">\n\t\t\tma\u0142y ale WARIAT\t\t\t<\/a>\n\t<\/h3>\t\t<p itemprop=\"description\" class=\"qodef-e-excerpt\">\n\t\t\tRynek reklamowy jest mocno spolaryzowany.\r\nNajpro\u015bciej rzecz ujmuj\u0105c na rynku agencyjnym oraz klienckim obecne s\u0105 firmy ma\u0142e i du\u017ce, kt\u00f3re \u0142\u0105cz\u0105 si\u0119 w pary wed\u0142ug tego samego klucza.\r\nStatystycznie, globalne korporacje cz\u0119\u015bciej wsp\u00f3\u0142pracuj\u0105 z du\u017cymi domami mediowymi (sieciowymi), a firmy lokalne korzystaj\u0105 z us\u0142ug ma\u0142ych agencji po prostu dlatego, \u017ce s\u0105 ta\u0144sze.\t\t<\/p>\n\t\t\t\t<\/div>\n\t\t\t<div class=\"qodef-e-info qodef-info--bottom\">\n\t\t\t\t<div class=\"qodef-e-info-left\">\n\t\t\t\t\t    <div class=\"qodef-e-read-more\">\n\t\t<a class=\"qodef-shortcode qodef-m  qodef-button qodef-layout--textual \" href=\"https:\/\/patoagencja.com\/main\/maly-ale-wariat\/\" target=\"_self\"  >\t<span class=\"qodef-m-text\">Read More _<\/span><\/a>    <\/div>\n\t\t\t\t<\/div>\n\t\t\t\t<div class=\"qodef-e-info-right\">\n\t\t\t\t\t<div class=\"qodef-e-info-item qodef-e-info-author\">\n\t<span class=\"qodef-e-info-author-label\">By<\/span>\n\t<a itemprop=\"author\" class=\"qodef-e-info-author-link\" href=\"https:\/\/patoagencja.com\/main\/author\/patus\/\">\n\t\tPatus\t<\/a>\n<\/div><div itemprop=\"dateCreated\" class=\"qodef-e-info-item qodef-e-info-date entry-date published updated\">\n\t<a itemprop=\"url\" href=\"https:\/\/patoagencja.com\/main\/2022\/04\/\" title=\"ma\u0142y ale WARIAT\">21 kwietnia 2022<\/a>\n\t<meta itemprop=\"interactionCount\" content=\"UserComments: 0\"\/>\n<\/div>\t\t\t\t<\/div>\n\t\t\t<\/div>\n\t\t<\/div>\n\t<\/div>\n<\/article>\t<\/div>\n\t<\/div>[\/vc_column][\/vc_row]<\/p>\n","protected":false},"excerpt":{"rendered":"<p>[vc_row][vc_column][\/vc_column][\/vc_row]<\/p>\n","protected":false},"author":1,"featured_media":0,"parent":0,"menu_order":0,"comment_status":"closed","ping_status":"closed","template":"","meta":{"footnotes":"","_links_to":"","_links_to_target":""},"class_list":["post-5709","page","type-page","status-publish","hentry"],"yoast_head":"<!-- This site is optimized with the Yoast SEO plugin v21.5 - https:\/\/yoast.com\/wordpress\/plugins\/seo\/ -->\n<title>Blog - Patoagencja<\/title>\n<meta name=\"description\" content=\"Patoagencja to nie jest zwyk\u0142a agencja. To patoagencja. Bierzemy du\u017cy hajs za du\u017ce wyniki. Nie bierzemy je\u0144c\u00f3w. Zata\u0144czysz z nami?\" \/>\n<meta name=\"robots\" content=\"index, follow, max-snippet:-1, max-image-preview:large, max-video-preview:-1\" \/>\n<link rel=\"canonical\" href=\"https:\/\/patoagencja.com\/main\/blog\/\" \/>\n<meta property=\"og:locale\" content=\"pl_PL\" \/>\n<meta property=\"og:type\" content=\"article\" \/>\n<meta property=\"og:title\" content=\"Blog - Patoagencja\" \/>\n<meta property=\"og:description\" content=\"Patoagencja to nie jest zwyk\u0142a agencja. To patoagencja. Bierzemy du\u017cy hajs za du\u017ce wyniki. Nie bierzemy je\u0144c\u00f3w. Zata\u0144czysz z nami?\" \/>\n<meta property=\"og:url\" content=\"https:\/\/patoagencja.com\/main\/blog\/\" \/>\n<meta property=\"og:site_name\" content=\"Patoagencja\" \/>\n<meta property=\"article:modified_time\" content=\"2022-04-22T08:37:44+00:00\" \/>\n<meta name=\"twitter:card\" content=\"summary_large_image\" \/>\n<script type=\"application\/ld+json\" class=\"yoast-schema-graph\">{\"@context\":\"https:\/\/schema.org\",\"@graph\":[{\"@type\":\"WebPage\",\"@id\":\"https:\/\/patoagencja.com\/main\/blog\/\",\"url\":\"https:\/\/patoagencja.com\/main\/blog\/\",\"name\":\"Blog - Patoagencja\",\"isPartOf\":{\"@id\":\"https:\/\/patoagencja.com\/main\/#website\"},\"datePublished\":\"2018-11-15T10:49:39+00:00\",\"dateModified\":\"2022-04-22T08:37:44+00:00\",\"description\":\"Patoagencja to nie jest zwyk\u0142a agencja. To patoagencja. Bierzemy du\u017cy hajs za du\u017ce wyniki. Nie bierzemy je\u0144c\u00f3w. Zata\u0144czysz z nami?\",\"breadcrumb\":{\"@id\":\"https:\/\/patoagencja.com\/main\/blog\/#breadcrumb\"},\"inLanguage\":\"pl-PL\",\"potentialAction\":[{\"@type\":\"ReadAction\",\"target\":[\"https:\/\/patoagencja.com\/main\/blog\/\"]}]},{\"@type\":\"BreadcrumbList\",\"@id\":\"https:\/\/patoagencja.com\/main\/blog\/#breadcrumb\",\"itemListElement\":[{\"@type\":\"ListItem\",\"position\":1,\"name\":\"Strona g\u0142\u00f3wna\",\"item\":\"https:\/\/patoagencja.com\/main\/\"},{\"@type\":\"ListItem\",\"position\":2,\"name\":\"Blog\"}]},{\"@type\":\"WebSite\",\"@id\":\"https:\/\/patoagencja.com\/main\/#website\",\"url\":\"https:\/\/patoagencja.com\/main\/\",\"name\":\"Patoagencja\",\"description\":\"Agencja Digital Marketing\",\"publisher\":{\"@id\":\"https:\/\/patoagencja.com\/main\/#organization\"},\"potentialAction\":[{\"@type\":\"SearchAction\",\"target\":{\"@type\":\"EntryPoint\",\"urlTemplate\":\"https:\/\/patoagencja.com\/main\/?s={search_term_string}\"},\"query-input\":\"required name=search_term_string\"}],\"inLanguage\":\"pl-PL\"},{\"@type\":\"Organization\",\"@id\":\"https:\/\/patoagencja.com\/main\/#organization\",\"name\":\"Patoagencja\",\"url\":\"https:\/\/patoagencja.com\/main\/\",\"logo\":{\"@type\":\"ImageObject\",\"inLanguage\":\"pl-PL\",\"@id\":\"https:\/\/patoagencja.com\/main\/#\/schema\/logo\/image\/\",\"url\":\"https:\/\/patoagencja.com\/wp-content\/uploads\/2022\/01\/Projekt-bez-tytulu-6.png\",\"contentUrl\":\"https:\/\/patoagencja.com\/wp-content\/uploads\/2022\/01\/Projekt-bez-tytulu-6.png\",\"width\":1500,\"height\":600,\"caption\":\"Patoagencja\"},\"image\":{\"@id\":\"https:\/\/patoagencja.com\/main\/#\/schema\/logo\/image\/\"}}]}<\/script>\n<!-- \/ Yoast SEO plugin. -->","yoast_head_json":{"title":"Blog - Patoagencja","description":"Patoagencja to nie jest zwyk\u0142a agencja. To patoagencja. Bierzemy du\u017cy hajs za du\u017ce wyniki. Nie bierzemy je\u0144c\u00f3w. Zata\u0144czysz z nami?","robots":{"index":"index","follow":"follow","max-snippet":"max-snippet:-1","max-image-preview":"max-image-preview:large","max-video-preview":"max-video-preview:-1"},"canonical":"https:\/\/patoagencja.com\/main\/blog\/","og_locale":"pl_PL","og_type":"article","og_title":"Blog - Patoagencja","og_description":"Patoagencja to nie jest zwyk\u0142a agencja. To patoagencja. Bierzemy du\u017cy hajs za du\u017ce wyniki. Nie bierzemy je\u0144c\u00f3w. Zata\u0144czysz z nami?","og_url":"https:\/\/patoagencja.com\/main\/blog\/","og_site_name":"Patoagencja","article_modified_time":"2022-04-22T08:37:44+00:00","twitter_card":"summary_large_image","schema":{"@context":"https:\/\/schema.org","@graph":[{"@type":"WebPage","@id":"https:\/\/patoagencja.com\/main\/blog\/","url":"https:\/\/patoagencja.com\/main\/blog\/","name":"Blog - Patoagencja","isPartOf":{"@id":"https:\/\/patoagencja.com\/main\/#website"},"datePublished":"2018-11-15T10:49:39+00:00","dateModified":"2022-04-22T08:37:44+00:00","description":"Patoagencja to nie jest zwyk\u0142a agencja. To patoagencja. Bierzemy du\u017cy hajs za du\u017ce wyniki. Nie bierzemy je\u0144c\u00f3w. Zata\u0144czysz z nami?","breadcrumb":{"@id":"https:\/\/patoagencja.com\/main\/blog\/#breadcrumb"},"inLanguage":"pl-PL","potentialAction":[{"@type":"ReadAction","target":["https:\/\/patoagencja.com\/main\/blog\/"]}]},{"@type":"BreadcrumbList","@id":"https:\/\/patoagencja.com\/main\/blog\/#breadcrumb","itemListElement":[{"@type":"ListItem","position":1,"name":"Strona g\u0142\u00f3wna","item":"https:\/\/patoagencja.com\/main\/"},{"@type":"ListItem","position":2,"name":"Blog"}]},{"@type":"WebSite","@id":"https:\/\/patoagencja.com\/main\/#website","url":"https:\/\/patoagencja.com\/main\/","name":"Patoagencja","description":"Agencja Digital Marketing","publisher":{"@id":"https:\/\/patoagencja.com\/main\/#organization"},"potentialAction":[{"@type":"SearchAction","target":{"@type":"EntryPoint","urlTemplate":"https:\/\/patoagencja.com\/main\/?s={search_term_string}"},"query-input":"required name=search_term_string"}],"inLanguage":"pl-PL"},{"@type":"Organization","@id":"https:\/\/patoagencja.com\/main\/#organization","name":"Patoagencja","url":"https:\/\/patoagencja.com\/main\/","logo":{"@type":"ImageObject","inLanguage":"pl-PL","@id":"https:\/\/patoagencja.com\/main\/#\/schema\/logo\/image\/","url":"https:\/\/patoagencja.com\/wp-content\/uploads\/2022\/01\/Projekt-bez-tytulu-6.png","contentUrl":"https:\/\/patoagencja.com\/wp-content\/uploads\/2022\/01\/Projekt-bez-tytulu-6.png","width":1500,"height":600,"caption":"Patoagencja"},"image":{"@id":"https:\/\/patoagencja.com\/main\/#\/schema\/logo\/image\/"}}]}},"_links":{"self":[{"href":"https:\/\/patoagencja.com\/main\/wp-json\/wp\/v2\/pages\/5709","targetHints":{"allow":["GET"]}}],"collection":[{"href":"https:\/\/patoagencja.com\/main\/wp-json\/wp\/v2\/pages"}],"about":[{"href":"https:\/\/patoagencja.com\/main\/wp-json\/wp\/v2\/types\/page"}],"author":[{"embeddable":true,"href":"https:\/\/patoagencja.com\/main\/wp-json\/wp\/v2\/users\/1"}],"replies":[{"embeddable":true,"href":"https:\/\/patoagencja.com\/main\/wp-json\/wp\/v2\/comments?post=5709"}],"version-history":[{"count":2,"href":"https:\/\/patoagencja.com\/main\/wp-json\/wp\/v2\/pages\/5709\/revisions"}],"predecessor-version":[{"id":5710,"href":"https:\/\/patoagencja.com\/main\/wp-json\/wp\/v2\/pages\/5709\/revisions\/5710"}],"wp:attachment":[{"href":"https:\/\/patoagencja.com\/main\/wp-json\/wp\/v2\/media?parent=5709"}],"curies":[{"name":"wp","href":"https:\/\/api.w.org\/{rel}","templated":true}]}}