{"id":5652,"date":"2022-02-09T17:15:47","date_gmt":"2022-02-09T16:15:47","guid":{"rendered":"https:\/\/patoagencja.com\/main\/?page_id=5652"},"modified":"2022-05-30T16:42:45","modified_gmt":"2022-05-30T14:42:45","slug":"strona-glowna","status":"publish","type":"page","link":"https:\/\/patoagencja.com\/main\/en\/strona-glowna\/","title":{"rendered":"Home"},"content":{"rendered":"\t\t<div data-elementor-type=\"wp-page\" data-elementor-id=\"5652\" class=\"elementor elementor-5652\">\n\t\t\t\t\t\t\t\t\t<section class=\"elementor-section elementor-top-section elementor-element elementor-element-7792415 elementor-section-full_width elementor-section-height-default elementor-section-height-default qodef-elementor-content-no qodef-content-alignment-no\" data-id=\"7792415\" data-element_type=\"section\">\n\t\t\t\t\t\t<div class=\"elementor-container elementor-column-gap-default\">\n\t\t\t\t\t<div class=\"elementor-column elementor-col-100 elementor-top-column elementor-element elementor-element-65415cd\" data-id=\"65415cd\" data-element_type=\"column\">\n\t\t\t<div class=\"elementor-widget-wrap elementor-element-populated\">\n\t\t\t\t\t\t\t\t<div class=\"elementor-element elementor-element-c18ab23 e-transform e-transform elementor-widget elementor-widget-boldlab_core_interactive_link_showcase\" data-id=\"c18ab23\" data-element_type=\"widget\" data-settings=\"{&quot;_transform_translateX_effect_mobile&quot;:{&quot;unit&quot;:&quot;px&quot;,&quot;size&quot;:-14,&quot;sizes&quot;:[]},&quot;_transform_translateY_effect_mobile&quot;:{&quot;unit&quot;:&quot;px&quot;,&quot;size&quot;:-14,&quot;sizes&quot;:[]},&quot;_transform_scale_effect_mobile&quot;:{&quot;unit&quot;:&quot;px&quot;,&quot;size&quot;:1,&quot;sizes&quot;:[]},&quot;_transform_translateX_effect&quot;:{&quot;unit&quot;:&quot;px&quot;,&quot;size&quot;:&quot;&quot;,&quot;sizes&quot;:[]},&quot;_transform_translateX_effect_tablet&quot;:{&quot;unit&quot;:&quot;px&quot;,&quot;size&quot;:&quot;&quot;,&quot;sizes&quot;:[]},&quot;_transform_translateY_effect&quot;:{&quot;unit&quot;:&quot;px&quot;,&quot;size&quot;:&quot;&quot;,&quot;sizes&quot;:[]},&quot;_transform_translateY_effect_tablet&quot;:{&quot;unit&quot;:&quot;px&quot;,&quot;size&quot;:&quot;&quot;,&quot;sizes&quot;:[]},&quot;_transform_scale_effect&quot;:{&quot;unit&quot;:&quot;px&quot;,&quot;size&quot;:&quot;&quot;,&quot;sizes&quot;:[]},&quot;_transform_scale_effect_tablet&quot;:{&quot;unit&quot;:&quot;px&quot;,&quot;size&quot;:&quot;&quot;,&quot;sizes&quot;:[]}}\" data-widget_type=\"boldlab_core_interactive_link_showcase.default\">\n\t\t\t\t<div class=\"elementor-widget-container\">\n\t\t\t<div class=\"qodef-shortcode qodef-m  qodef-interactive-link-showcase qodef-layout--list \" >\n\t<div class=\"qodef-m-items\">\n\t\t\t\t\t<a itemprop=\"url\" class=\"qodef-m-item\" href=\"https:\/\/patoagencja.com\/main\/en\/about-us\/\" target=\"_self\">\n\t\t\t\t<span class=\"qodef-m-item-title\">About us_<\/span>\n\t\t\t<\/a>\n\t\t\t\t\t<a itemprop=\"url\" class=\"qodef-m-item\" href=\"https:\/\/patoagencja.com\/main\/en\/clients\/\" target=\"_self\">\n\t\t\t\t<span class=\"qodef-m-item-title\">Portfolio_<\/span>\n\t\t\t<\/a>\n\t\t\t\t\t<a itemprop=\"url\" class=\"qodef-m-item\" href=\"https:\/\/patoagencja.com\/main\/en\/contact\/%20\" target=\"_self\">\n\t\t\t\t<span class=\"qodef-m-item-title\">Contact_<\/span>\n\t\t\t<\/a>\n\t\t\t\t\t<a itemprop=\"url\" class=\"qodef-m-item\" href=\"https:\/\/patoagencja.com\/main\/en\/fun\/\" target=\"_self\">\n\t\t\t\t<span class=\"qodef-m-item-title\">\ud83d\ude02\ud83d\ude02\ud83d\ude02_<\/span>\n\t\t\t<\/a>\n\t\t\t\t\t<a itemprop=\"url\" class=\"qodef-m-item\" href=\"https:\/\/patoagencja.com\/main\/\" target=\"_self\">\n\t\t\t\t<span class=\"qodef-m-item-title\">PL_<\/span>\n\t\t\t<\/a>\n\t\t\t<\/div>\n\t<div class=\"qodef-m-images\">\n\t\t\t\t\t<div class=\"qodef-m-image\" style=\"background-image: url(https:\/\/patoagencja.com\/wp-content\/uploads\/2021\/12\/giphy-1.gif)\">\n\t\t\t\t<img loading=\"lazy\" decoding=\"async\" width=\"474\" height=\"264\" src=\"https:\/\/patoagencja.com\/wp-content\/uploads\/2021\/12\/giphy-1.gif\" class=\"attachment-full size-full\" alt=\"\" \/>\t\t\t<\/div>\n\t\t\t\t\t<div class=\"qodef-m-image\" style=\"background-image: url(https:\/\/patoagencja.com\/wp-content\/uploads\/2021\/12\/oVd.gif)\">\n\t\t\t\t<img loading=\"lazy\" decoding=\"async\" width=\"480\" height=\"203\" src=\"https:\/\/patoagencja.com\/wp-content\/uploads\/2021\/12\/oVd.gif\" class=\"attachment-full size-full\" alt=\"\" \/>\t\t\t<\/div>\n\t\t\t\t\t<div class=\"qodef-m-image\" style=\"background-image: url(https:\/\/patoagencja.com\/wp-content\/uploads\/2021\/12\/giphy.gif)\">\n\t\t\t\t<img loading=\"lazy\" decoding=\"async\" width=\"480\" height=\"360\" src=\"https:\/\/patoagencja.com\/wp-content\/uploads\/2021\/12\/giphy.gif\" class=\"attachment-full size-full\" alt=\"\" \/>\t\t\t<\/div>\n\t\t\t\t\t<div class=\"qodef-m-image\" style=\"background-image: url(https:\/\/patoagencja.com\/wp-content\/uploads\/2021\/12\/digibyte-dgb.gif)\">\n\t\t\t\t<img loading=\"lazy\" decoding=\"async\" width=\"498\" height=\"381\" src=\"https:\/\/patoagencja.com\/wp-content\/uploads\/2021\/12\/digibyte-dgb.gif\" class=\"attachment-full size-full\" alt=\"\" \/>\t\t\t<\/div>\n\t\t\t\t\t<div class=\"qodef-m-image\" style=\"background-image: url(https:\/\/patoagencja.com\/wp-content\/uploads\/2022\/02\/pexels-adam-borkowski-5650626-scaled.jpg)\">\n\t\t\t\t<img loading=\"lazy\" decoding=\"async\" width=\"2048\" height=\"2560\" src=\"https:\/\/patoagencja.com\/wp-content\/uploads\/2022\/02\/pexels-adam-borkowski-5650626-scaled.jpg\" class=\"attachment-full size-full\" alt=\"\" srcset=\"https:\/\/patoagencja.com\/wp-content\/uploads\/2022\/02\/pexels-adam-borkowski-5650626-scaled.jpg 2048w, https:\/\/patoagencja.com\/wp-content\/uploads\/2022\/02\/pexels-adam-borkowski-5650626-240x300.jpg 240w, https:\/\/patoagencja.com\/wp-content\/uploads\/2022\/02\/pexels-adam-borkowski-5650626-819x1024.jpg 819w, https:\/\/patoagencja.com\/wp-content\/uploads\/2022\/02\/pexels-adam-borkowski-5650626-768x960.jpg 768w, https:\/\/patoagencja.com\/wp-content\/uploads\/2022\/02\/pexels-adam-borkowski-5650626-1229x1536.jpg 1229w, https:\/\/patoagencja.com\/wp-content\/uploads\/2022\/02\/pexels-adam-borkowski-5650626-1638x2048.jpg 1638w, https:\/\/patoagencja.com\/wp-content\/uploads\/2022\/02\/pexels-adam-borkowski-5650626-600x750.jpg 600w\" sizes=\"auto, (max-width: 2048px) 100vw, 2048px\" \/>\t\t\t<\/div>\n\t\t\t<\/div>\n<\/div>\t\t<\/div>\n\t\t\t\t<\/div>\n\t\t\t\t\t<\/div>\n\t\t<\/div>\n\t\t\t\t\t\t\t<\/div>\n\t\t<\/section>\n\t\t\t\t\t\t\t<\/div>\n\t\t","protected":false},"excerpt":{"rendered":"<p>About us_ Portfolio_ Contact_ \ud83d\ude02\ud83d\ude02\ud83d\ude02_ PL_<\/p>\n","protected":false},"author":1,"featured_media":0,"parent":0,"menu_order":0,"comment_status":"closed","ping_status":"closed","template":"page-full-width.php","meta":{"footnotes":"","_links_to":"","_links_to_target":""},"class_list":["post-5652","page","type-page","status-publish","hentry"],"yoast_head":"<!-- This site is optimized with the Yoast SEO plugin v21.5 - https:\/\/yoast.com\/wordpress\/plugins\/seo\/ -->\n<title>Home - Patoagencja<\/title>\n<meta name=\"description\" content=\"Patoagencja to nie jest zwyk\u0142a agencja. To patoagencja. Bierzemy du\u017cy hajs za du\u017ce wyniki. Nie bierzemy je\u0144c\u00f3w. Zata\u0144czysz z nami?\" \/>\n<meta name=\"robots\" content=\"index, follow, max-snippet:-1, max-image-preview:large, max-video-preview:-1\" \/>\n<link rel=\"canonical\" href=\"https:\/\/patoagencja.com\/main\/en\/strona-glowna\/\" \/>\n<meta property=\"og:locale\" content=\"pl_PL\" \/>\n<meta property=\"og:type\" content=\"article\" \/>\n<meta property=\"og:title\" content=\"Home - Patoagencja\" \/>\n<meta property=\"og:description\" content=\"Patoagencja to nie jest zwyk\u0142a agencja. To patoagencja. Bierzemy du\u017cy hajs za du\u017ce wyniki. Nie bierzemy je\u0144c\u00f3w. Zata\u0144czysz z nami?\" \/>\n<meta property=\"og:url\" content=\"https:\/\/patoagencja.com\/main\/en\/strona-glowna\/\" \/>\n<meta property=\"og:site_name\" content=\"Patoagencja\" \/>\n<meta property=\"article:modified_time\" content=\"2022-05-30T14:42:45+00:00\" \/>\n<meta property=\"og:image\" content=\"https:\/\/patoagencja.com\/wp-content\/uploads\/2021\/12\/giphy-1.gif\" \/>\n<meta name=\"twitter:card\" content=\"summary_large_image\" \/>\n<meta name=\"twitter:label1\" content=\"Szacowany czas czytania\" \/>\n\t<meta name=\"twitter:data1\" content=\"2 minuty\" \/>\n<script type=\"application\/ld+json\" class=\"yoast-schema-graph\">{\"@context\":\"https:\/\/schema.org\",\"@graph\":[{\"@type\":\"WebPage\",\"@id\":\"https:\/\/patoagencja.com\/main\/en\/strona-glowna\/\",\"url\":\"https:\/\/patoagencja.com\/main\/en\/strona-glowna\/\",\"name\":\"Home - Patoagencja\",\"isPartOf\":{\"@id\":\"https:\/\/patoagencja.com\/main\/#website\"},\"datePublished\":\"2022-02-09T16:15:47+00:00\",\"dateModified\":\"2022-05-30T14:42:45+00:00\",\"description\":\"Patoagencja to nie jest zwyk\u0142a agencja. To patoagencja. Bierzemy du\u017cy hajs za du\u017ce wyniki. Nie bierzemy je\u0144c\u00f3w. Zata\u0144czysz z nami?\",\"breadcrumb\":{\"@id\":\"https:\/\/patoagencja.com\/main\/en\/strona-glowna\/#breadcrumb\"},\"inLanguage\":\"pl-PL\",\"potentialAction\":[{\"@type\":\"ReadAction\",\"target\":[\"https:\/\/patoagencja.com\/main\/en\/strona-glowna\/\"]}]},{\"@type\":\"BreadcrumbList\",\"@id\":\"https:\/\/patoagencja.com\/main\/en\/strona-glowna\/#breadcrumb\",\"itemListElement\":[{\"@type\":\"ListItem\",\"position\":1,\"name\":\"Strona g\u0142\u00f3wna\",\"item\":\"https:\/\/patoagencja.com\/main\/\"},{\"@type\":\"ListItem\",\"position\":2,\"name\":\"Home\"}]},{\"@type\":\"WebSite\",\"@id\":\"https:\/\/patoagencja.com\/main\/#website\",\"url\":\"https:\/\/patoagencja.com\/main\/\",\"name\":\"Patoagencja\",\"description\":\"Agencja Digital Marketing\",\"publisher\":{\"@id\":\"https:\/\/patoagencja.com\/main\/#organization\"},\"potentialAction\":[{\"@type\":\"SearchAction\",\"target\":{\"@type\":\"EntryPoint\",\"urlTemplate\":\"https:\/\/patoagencja.com\/main\/?s={search_term_string}\"},\"query-input\":\"required name=search_term_string\"}],\"inLanguage\":\"pl-PL\"},{\"@type\":\"Organization\",\"@id\":\"https:\/\/patoagencja.com\/main\/#organization\",\"name\":\"Patoagencja\",\"url\":\"https:\/\/patoagencja.com\/main\/\",\"logo\":{\"@type\":\"ImageObject\",\"inLanguage\":\"pl-PL\",\"@id\":\"https:\/\/patoagencja.com\/main\/#\/schema\/logo\/image\/\",\"url\":\"https:\/\/patoagencja.com\/wp-content\/uploads\/2022\/01\/Projekt-bez-tytulu-6.png\",\"contentUrl\":\"https:\/\/patoagencja.com\/wp-content\/uploads\/2022\/01\/Projekt-bez-tytulu-6.png\",\"width\":1500,\"height\":600,\"caption\":\"Patoagencja\"},\"image\":{\"@id\":\"https:\/\/patoagencja.com\/main\/#\/schema\/logo\/image\/\"}}]}<\/script>\n<!-- \/ Yoast SEO plugin. -->","yoast_head_json":{"title":"Home - Patoagencja","description":"Patoagencja to nie jest zwyk\u0142a agencja. To patoagencja. Bierzemy du\u017cy hajs za du\u017ce wyniki. Nie bierzemy je\u0144c\u00f3w. Zata\u0144czysz z nami?","robots":{"index":"index","follow":"follow","max-snippet":"max-snippet:-1","max-image-preview":"max-image-preview:large","max-video-preview":"max-video-preview:-1"},"canonical":"https:\/\/patoagencja.com\/main\/en\/strona-glowna\/","og_locale":"pl_PL","og_type":"article","og_title":"Home - Patoagencja","og_description":"Patoagencja to nie jest zwyk\u0142a agencja. To patoagencja. Bierzemy du\u017cy hajs za du\u017ce wyniki. Nie bierzemy je\u0144c\u00f3w. Zata\u0144czysz z nami?","og_url":"https:\/\/patoagencja.com\/main\/en\/strona-glowna\/","og_site_name":"Patoagencja","article_modified_time":"2022-05-30T14:42:45+00:00","og_image":[{"url":"https:\/\/patoagencja.com\/wp-content\/uploads\/2021\/12\/giphy-1.gif"}],"twitter_card":"summary_large_image","twitter_misc":{"Szacowany czas czytania":"2 minuty"},"schema":{"@context":"https:\/\/schema.org","@graph":[{"@type":"WebPage","@id":"https:\/\/patoagencja.com\/main\/en\/strona-glowna\/","url":"https:\/\/patoagencja.com\/main\/en\/strona-glowna\/","name":"Home - Patoagencja","isPartOf":{"@id":"https:\/\/patoagencja.com\/main\/#website"},"datePublished":"2022-02-09T16:15:47+00:00","dateModified":"2022-05-30T14:42:45+00:00","description":"Patoagencja to nie jest zwyk\u0142a agencja. To patoagencja. Bierzemy du\u017cy hajs za du\u017ce wyniki. Nie bierzemy je\u0144c\u00f3w. Zata\u0144czysz z nami?","breadcrumb":{"@id":"https:\/\/patoagencja.com\/main\/en\/strona-glowna\/#breadcrumb"},"inLanguage":"pl-PL","potentialAction":[{"@type":"ReadAction","target":["https:\/\/patoagencja.com\/main\/en\/strona-glowna\/"]}]},{"@type":"BreadcrumbList","@id":"https:\/\/patoagencja.com\/main\/en\/strona-glowna\/#breadcrumb","itemListElement":[{"@type":"ListItem","position":1,"name":"Strona g\u0142\u00f3wna","item":"https:\/\/patoagencja.com\/main\/"},{"@type":"ListItem","position":2,"name":"Home"}]},{"@type":"WebSite","@id":"https:\/\/patoagencja.com\/main\/#website","url":"https:\/\/patoagencja.com\/main\/","name":"Patoagencja","description":"Agencja Digital Marketing","publisher":{"@id":"https:\/\/patoagencja.com\/main\/#organization"},"potentialAction":[{"@type":"SearchAction","target":{"@type":"EntryPoint","urlTemplate":"https:\/\/patoagencja.com\/main\/?s={search_term_string}"},"query-input":"required name=search_term_string"}],"inLanguage":"pl-PL"},{"@type":"Organization","@id":"https:\/\/patoagencja.com\/main\/#organization","name":"Patoagencja","url":"https:\/\/patoagencja.com\/main\/","logo":{"@type":"ImageObject","inLanguage":"pl-PL","@id":"https:\/\/patoagencja.com\/main\/#\/schema\/logo\/image\/","url":"https:\/\/patoagencja.com\/wp-content\/uploads\/2022\/01\/Projekt-bez-tytulu-6.png","contentUrl":"https:\/\/patoagencja.com\/wp-content\/uploads\/2022\/01\/Projekt-bez-tytulu-6.png","width":1500,"height":600,"caption":"Patoagencja"},"image":{"@id":"https:\/\/patoagencja.com\/main\/#\/schema\/logo\/image\/"}}]}},"_links":{"self":[{"href":"https:\/\/patoagencja.com\/main\/wp-json\/wp\/v2\/pages\/5652","targetHints":{"allow":["GET"]}}],"collection":[{"href":"https:\/\/patoagencja.com\/main\/wp-json\/wp\/v2\/pages"}],"about":[{"href":"https:\/\/patoagencja.com\/main\/wp-json\/wp\/v2\/types\/page"}],"author":[{"embeddable":true,"href":"https:\/\/patoagencja.com\/main\/wp-json\/wp\/v2\/users\/1"}],"replies":[{"embeddable":true,"href":"https:\/\/patoagencja.com\/main\/wp-json\/wp\/v2\/comments?post=5652"}],"version-history":[{"count":20,"href":"https:\/\/patoagencja.com\/main\/wp-json\/wp\/v2\/pages\/5652\/revisions"}],"predecessor-version":[{"id":5818,"href":"https:\/\/patoagencja.com\/main\/wp-json\/wp\/v2\/pages\/5652\/revisions\/5818"}],"wp:attachment":[{"href":"https:\/\/patoagencja.com\/main\/wp-json\/wp\/v2\/media?parent=5652"}],"curies":[{"name":"wp","href":"https:\/\/api.w.org\/{rel}","templated":true}]}}