{"id":5612,"date":"2022-02-09T14:17:35","date_gmt":"2022-02-09T13:17:35","guid":{"rendered":"https:\/\/patoagencja.com\/main\/?page_id=5612"},"modified":"2022-02-10T15:21:15","modified_gmt":"2022-02-10T14:21:15","slug":"contact","status":"publish","type":"page","link":"https:\/\/patoagencja.com\/main\/en\/contact\/","title":{"rendered":"Contact"},"content":{"rendered":"\t\t<div data-elementor-type=\"wp-page\" data-elementor-id=\"5612\" class=\"elementor elementor-5612\">\n\t\t\t\t\t\t\t\t\t<section class=\"elementor-section elementor-top-section elementor-element elementor-element-4311c581 elementor-section-boxed elementor-section-height-default elementor-section-height-default qodef-elementor-content-no qodef-content-alignment-no\" data-id=\"4311c581\" data-element_type=\"section\">\n\t\t\t\t\t\t<div class=\"elementor-container elementor-column-gap-default\">\n\t\t\t\t\t<div class=\"elementor-column elementor-col-100 elementor-top-column elementor-element elementor-element-38b06674\" data-id=\"38b06674\" data-element_type=\"column\">\n\t\t\t<div class=\"elementor-widget-wrap elementor-element-populated\">\n\t\t\t\t\t\t\t\t<div class=\"elementor-element elementor-element-2c6a6b73 elementor-widget elementor-widget-text-editor\" data-id=\"2c6a6b73\" data-element_type=\"widget\" data-widget_type=\"text-editor.default\">\n\t\t\t\t<div class=\"elementor-widget-container\">\n\t\t\t<style>\/*! elementor - v3.17.0 - 08-11-2023 *\/\n.elementor-widget-text-editor.elementor-drop-cap-view-stacked .elementor-drop-cap{background-color:#69727d;color:#fff}.elementor-widget-text-editor.elementor-drop-cap-view-framed .elementor-drop-cap{color:#69727d;border:3px solid;background-color:transparent}.elementor-widget-text-editor:not(.elementor-drop-cap-view-default) .elementor-drop-cap{margin-top:8px}.elementor-widget-text-editor:not(.elementor-drop-cap-view-default) .elementor-drop-cap-letter{width:1em;height:1em}.elementor-widget-text-editor .elementor-drop-cap{float:left;text-align:center;line-height:1;font-size:50px}.elementor-widget-text-editor .elementor-drop-cap-letter{display:inline-block}<\/style>\t\t\t\t<p><!-- wp:contact-form-7\/contact-form-selector {\"id\":4758,\"title\":\"Contact Form Standard\"} --><\/p><div class=\"wp-block-contact-form-7-contact-form-selector\">\n<div class=\"wpcf7 no-js\" id=\"wpcf7-f5616-o1\" lang=\"en-US\" dir=\"ltr\" data-wpcf7-id=\"5616\">\n<div class=\"screen-reader-response\"><p role=\"status\" aria-live=\"polite\" aria-atomic=\"true\"><\/p> <ul><\/ul><\/div>\n<form action=\"\/main\/wp-json\/wp\/v2\/pages\/5612#wpcf7-f5616-o1\" method=\"post\" class=\"wpcf7-form init\" aria-label=\"Contact form\" novalidate=\"novalidate\" data-status=\"init\">\n<fieldset class=\"hidden-fields-container\"><input type=\"hidden\" name=\"_wpcf7\" value=\"5616\" \/><input type=\"hidden\" name=\"_wpcf7_version\" value=\"6.1.5\" \/><input type=\"hidden\" name=\"_wpcf7_locale\" value=\"en_US\" \/><input type=\"hidden\" name=\"_wpcf7_unit_tag\" value=\"wpcf7-f5616-o1\" \/><input type=\"hidden\" name=\"_wpcf7_container_post\" value=\"0\" \/><input type=\"hidden\" name=\"_wpcf7_posted_data_hash\" value=\"\" \/>\n<\/fieldset>\n<div class=\"qodef-grid qodef-grid--cf qodef-layout--columns qodef-col-num--2 qodef-gutter--small\">\n\t<div class=\"qodef-grid-inner\">\n\t\t<div class=\"qodef-grid-item\">\n\t\t\t<p><span class=\"wpcf7-form-control-wrap\" data-name=\"your-name\"><input size=\"40\" maxlength=\"400\" class=\"wpcf7-form-control wpcf7-text wpcf7-validates-as-required\" aria-required=\"true\" aria-invalid=\"false\" placeholder=\"Name\" value=\"\" type=\"text\" name=\"your-name\" \/><\/span>\n\t\t\t<\/p>\n\t\t<\/div>\n\t\t<div class=\"qodef-grid-item\">\n\t\t\t<p><span class=\"wpcf7-form-control-wrap\" data-name=\"your-email\"><input size=\"40\" maxlength=\"400\" class=\"wpcf7-form-control wpcf7-email wpcf7-validates-as-required wpcf7-text wpcf7-validates-as-email\" aria-required=\"true\" aria-invalid=\"false\" placeholder=\"Email\" value=\"\" type=\"email\" name=\"your-email\" \/><\/span>\n\t\t\t<\/p>\n\t\t<\/div>\n\t\t<div class=\"qodef-grid-item\">\n\t\t\t<p><span class=\"wpcf7-form-control-wrap\" data-name=\"your-email\"><input size=\"40\" maxlength=\"400\" class=\"wpcf7-form-control wpcf7-text wpcf7-validates-as-required\" aria-required=\"true\" aria-invalid=\"false\" placeholder=\"Company name\" value=\"\" type=\"text\" name=\"your-email\" \/><\/span>\n\t\t\t<\/p>\n\t\t<\/div>\n\t\t<div class=\"qodef-grid-item\">\n\t\t\t<p><span class=\"wpcf7-form-control-wrap\" data-name=\"your-email\"><input size=\"40\" maxlength=\"400\" class=\"wpcf7-form-control wpcf7-text wpcf7-validates-as-required\" aria-required=\"true\" aria-invalid=\"false\" placeholder=\"Company site\" value=\"\" type=\"text\" name=\"your-email\" \/><\/span>\n\t\t\t<\/p>\n\t\t<\/div>\n\t<\/div>\n<\/div>\n<div class=\"qodef-grid qodef-grid--cf qodef-layout--columns qodef-col-num--12 qodef-gutter--small\">\n\t<div class=\"qodef-grid-inner\">\n\t\t<div class=\"qodef-grid-item\">\n\t\t\t<p><span class=\"wpcf7-form-control-wrap\" data-name=\"your-message\"><textarea cols=\"40\" rows=\"5\" maxlength=\"2000\" class=\"wpcf7-form-control wpcf7-textarea wpcf7-validates-as-required\" aria-required=\"true\" aria-invalid=\"false\" placeholder=\"Message\" name=\"your-message\"><\/textarea><\/span>\n\t\t\t<\/p>\n\t\t<\/div>\n\t<\/div>\n<\/div>\n<div class=\"qodef-grid qodef-layout--columns qodef-col-num--12\">\n\t<div class=\"qodef-grid-inner\">\n\t\t<div class=\"qodef-grid-item\">\n\t\t\t<p><button class=\"wpcf7-form-control wpcf7-submit qodef-layout--outlined qodef-button qodef-m\" type=\"submit\"><span class=\"qodef-m-text\">Send _<\/span><\/button>\n\t\t\t<\/p>\n\t\t<\/div>\n\t<\/div>\n<\/div><p style=\"display: none !important;\"><label>&#916;<textarea name=\"_wpcf7_ak_hp_textarea\" cols=\"45\" rows=\"8\" maxlength=\"100\"><\/textarea><\/label><input type=\"hidden\" id=\"ak_js_1\" name=\"_wpcf7_ak_js\" value=\"183\"\/><script>document.getElementById( \"ak_js_1\" ).setAttribute( \"value\", ( new Date() ).getTime() );<\/script><\/p><div class=\"wpcf7-response-output\" aria-hidden=\"true\"><\/div>\n<\/form>\n<\/div>\n<\/div><p><!-- \/wp:contact-form-7\/contact-form-selector --><\/p>\t\t\t\t\t\t<\/div>\n\t\t\t\t<\/div>\n\t\t\t\t<section class=\"elementor-section elementor-inner-section elementor-element elementor-element-cecd895 elementor-section-boxed elementor-section-height-default elementor-section-height-default qodef-elementor-content-no qodef-content-alignment-no\" data-id=\"cecd895\" data-element_type=\"section\">\n\t\t\t\t\t\t<div class=\"elementor-container elementor-column-gap-default\">\n\t\t\t\t\t<div class=\"elementor-column elementor-col-50 elementor-inner-column elementor-element elementor-element-d51a604\" data-id=\"d51a604\" data-element_type=\"column\">\n\t\t\t<div class=\"elementor-widget-wrap elementor-element-populated\">\n\t\t\t\t\t\t\t\t<div class=\"elementor-element elementor-element-4d84c97 elementor-widget elementor-widget-text-editor\" data-id=\"4d84c97\" data-element_type=\"widget\" data-widget_type=\"text-editor.default\">\n\t\t\t\t<div class=\"elementor-widget-container\">\n\t\t\t\t\t\t\t<h4>Contact:<\/h4><p>Tel: +48 698 477 368<br \/>email: kontakt@patoagencja.com<\/p>\t\t\t\t\t\t<\/div>\n\t\t\t\t<\/div>\n\t\t\t\t<div class=\"elementor-element elementor-element-630897f elementor-view-default elementor-widget elementor-widget-icon\" data-id=\"630897f\" data-element_type=\"widget\" data-widget_type=\"icon.default\">\n\t\t\t\t<div class=\"elementor-widget-container\">\n\t\t\t\t\t<div class=\"elementor-icon-wrapper\">\n\t\t\t<a class=\"elementor-icon\" href=\"https:\/\/www.linkedin.com\/company\/patoagencja\/mycompany\/\">\n\t\t\t<i aria-hidden=\"true\" class=\"fab fa-linkedin\"><\/i>\t\t\t<\/a>\n\t\t<\/div>\n\t\t\t\t<\/div>\n\t\t\t\t<\/div>\n\t\t\t\t\t<\/div>\n\t\t<\/div>\n\t\t\t\t<div class=\"elementor-column elementor-col-50 elementor-inner-column elementor-element elementor-element-27db027\" data-id=\"27db027\" data-element_type=\"column\">\n\t\t\t<div class=\"elementor-widget-wrap\">\n\t\t\t\t\t\t\t\t\t<\/div>\n\t\t<\/div>\n\t\t\t\t\t\t\t<\/div>\n\t\t<\/section>\n\t\t\t\t\t<\/div>\n\t\t<\/div>\n\t\t\t\t\t\t\t<\/div>\n\t\t<\/section>\n\t\t\t\t\t\t\t<\/div>\n\t\t","protected":false},"excerpt":{"rendered":"<p>Contact: Tel: +48 698 477 368email: kontakt@patoagencja.com<\/p>\n","protected":false},"author":1,"featured_media":0,"parent":5652,"menu_order":0,"comment_status":"closed","ping_status":"closed","template":"","meta":{"footnotes":"","_links_to":"","_links_to_target":""},"class_list":["post-5612","page","type-page","status-publish","hentry"],"yoast_head":"<!-- This site is optimized with the Yoast SEO plugin v21.5 - https:\/\/yoast.com\/wordpress\/plugins\/seo\/ -->\n<title>Contact - Patoagencja<\/title>\n<meta name=\"description\" content=\"Patoagencja to nie jest zwyk\u0142a agencja. To patoagencja. Bierzemy du\u017cy hajs za du\u017ce wyniki. Nie bierzemy je\u0144c\u00f3w. Zata\u0144czysz z nami?\" \/>\n<meta name=\"robots\" content=\"index, follow, max-snippet:-1, max-image-preview:large, max-video-preview:-1\" \/>\n<link rel=\"canonical\" href=\"https:\/\/patoagencja.com\/main\/en\/contact\/\" \/>\n<meta property=\"og:locale\" content=\"pl_PL\" \/>\n<meta property=\"og:type\" content=\"article\" \/>\n<meta property=\"og:title\" content=\"Contact - Patoagencja\" \/>\n<meta property=\"og:description\" content=\"Patoagencja to nie jest zwyk\u0142a agencja. To patoagencja. Bierzemy du\u017cy hajs za du\u017ce wyniki. Nie bierzemy je\u0144c\u00f3w. Zata\u0144czysz z nami?\" \/>\n<meta property=\"og:url\" content=\"https:\/\/patoagencja.com\/main\/en\/contact\/\" \/>\n<meta property=\"og:site_name\" content=\"Patoagencja\" \/>\n<meta property=\"article:modified_time\" content=\"2022-02-10T14:21:15+00:00\" \/>\n<meta name=\"twitter:card\" content=\"summary_large_image\" \/>\n<meta name=\"twitter:label1\" content=\"Szacowany czas czytania\" \/>\n\t<meta name=\"twitter:data1\" content=\"1 minuta\" \/>\n<script type=\"application\/ld+json\" class=\"yoast-schema-graph\">{\"@context\":\"https:\/\/schema.org\",\"@graph\":[{\"@type\":\"WebPage\",\"@id\":\"https:\/\/patoagencja.com\/main\/en\/contact\/\",\"url\":\"https:\/\/patoagencja.com\/main\/en\/contact\/\",\"name\":\"Contact - Patoagencja\",\"isPartOf\":{\"@id\":\"https:\/\/patoagencja.com\/main\/#website\"},\"datePublished\":\"2022-02-09T13:17:35+00:00\",\"dateModified\":\"2022-02-10T14:21:15+00:00\",\"description\":\"Patoagencja to nie jest zwyk\u0142a agencja. To patoagencja. Bierzemy du\u017cy hajs za du\u017ce wyniki. Nie bierzemy je\u0144c\u00f3w. Zata\u0144czysz z nami?\",\"breadcrumb\":{\"@id\":\"https:\/\/patoagencja.com\/main\/en\/contact\/#breadcrumb\"},\"inLanguage\":\"pl-PL\",\"potentialAction\":[{\"@type\":\"ReadAction\",\"target\":[\"https:\/\/patoagencja.com\/main\/en\/contact\/\"]}]},{\"@type\":\"BreadcrumbList\",\"@id\":\"https:\/\/patoagencja.com\/main\/en\/contact\/#breadcrumb\",\"itemListElement\":[{\"@type\":\"ListItem\",\"position\":1,\"name\":\"Strona g\u0142\u00f3wna\",\"item\":\"https:\/\/patoagencja.com\/main\/\"},{\"@type\":\"ListItem\",\"position\":2,\"name\":\"Home\",\"item\":\"https:\/\/patoagencja.com\/main\/en\/strona-glowna\/\"},{\"@type\":\"ListItem\",\"position\":3,\"name\":\"Contact\"}]},{\"@type\":\"WebSite\",\"@id\":\"https:\/\/patoagencja.com\/main\/#website\",\"url\":\"https:\/\/patoagencja.com\/main\/\",\"name\":\"Patoagencja\",\"description\":\"Agencja Digital Marketing\",\"publisher\":{\"@id\":\"https:\/\/patoagencja.com\/main\/#organization\"},\"potentialAction\":[{\"@type\":\"SearchAction\",\"target\":{\"@type\":\"EntryPoint\",\"urlTemplate\":\"https:\/\/patoagencja.com\/main\/?s={search_term_string}\"},\"query-input\":\"required name=search_term_string\"}],\"inLanguage\":\"pl-PL\"},{\"@type\":\"Organization\",\"@id\":\"https:\/\/patoagencja.com\/main\/#organization\",\"name\":\"Patoagencja\",\"url\":\"https:\/\/patoagencja.com\/main\/\",\"logo\":{\"@type\":\"ImageObject\",\"inLanguage\":\"pl-PL\",\"@id\":\"https:\/\/patoagencja.com\/main\/#\/schema\/logo\/image\/\",\"url\":\"https:\/\/patoagencja.com\/wp-content\/uploads\/2022\/01\/Projekt-bez-tytulu-6.png\",\"contentUrl\":\"https:\/\/patoagencja.com\/wp-content\/uploads\/2022\/01\/Projekt-bez-tytulu-6.png\",\"width\":1500,\"height\":600,\"caption\":\"Patoagencja\"},\"image\":{\"@id\":\"https:\/\/patoagencja.com\/main\/#\/schema\/logo\/image\/\"}}]}<\/script>\n<!-- \/ Yoast SEO plugin. -->","yoast_head_json":{"title":"Contact - Patoagencja","description":"Patoagencja to nie jest zwyk\u0142a agencja. To patoagencja. Bierzemy du\u017cy hajs za du\u017ce wyniki. Nie bierzemy je\u0144c\u00f3w. Zata\u0144czysz z nami?","robots":{"index":"index","follow":"follow","max-snippet":"max-snippet:-1","max-image-preview":"max-image-preview:large","max-video-preview":"max-video-preview:-1"},"canonical":"https:\/\/patoagencja.com\/main\/en\/contact\/","og_locale":"pl_PL","og_type":"article","og_title":"Contact - Patoagencja","og_description":"Patoagencja to nie jest zwyk\u0142a agencja. To patoagencja. Bierzemy du\u017cy hajs za du\u017ce wyniki. Nie bierzemy je\u0144c\u00f3w. Zata\u0144czysz z nami?","og_url":"https:\/\/patoagencja.com\/main\/en\/contact\/","og_site_name":"Patoagencja","article_modified_time":"2022-02-10T14:21:15+00:00","twitter_card":"summary_large_image","twitter_misc":{"Szacowany czas czytania":"1 minuta"},"schema":{"@context":"https:\/\/schema.org","@graph":[{"@type":"WebPage","@id":"https:\/\/patoagencja.com\/main\/en\/contact\/","url":"https:\/\/patoagencja.com\/main\/en\/contact\/","name":"Contact - Patoagencja","isPartOf":{"@id":"https:\/\/patoagencja.com\/main\/#website"},"datePublished":"2022-02-09T13:17:35+00:00","dateModified":"2022-02-10T14:21:15+00:00","description":"Patoagencja to nie jest zwyk\u0142a agencja. To patoagencja. Bierzemy du\u017cy hajs za du\u017ce wyniki. Nie bierzemy je\u0144c\u00f3w. Zata\u0144czysz z nami?","breadcrumb":{"@id":"https:\/\/patoagencja.com\/main\/en\/contact\/#breadcrumb"},"inLanguage":"pl-PL","potentialAction":[{"@type":"ReadAction","target":["https:\/\/patoagencja.com\/main\/en\/contact\/"]}]},{"@type":"BreadcrumbList","@id":"https:\/\/patoagencja.com\/main\/en\/contact\/#breadcrumb","itemListElement":[{"@type":"ListItem","position":1,"name":"Strona g\u0142\u00f3wna","item":"https:\/\/patoagencja.com\/main\/"},{"@type":"ListItem","position":2,"name":"Home","item":"https:\/\/patoagencja.com\/main\/en\/strona-glowna\/"},{"@type":"ListItem","position":3,"name":"Contact"}]},{"@type":"WebSite","@id":"https:\/\/patoagencja.com\/main\/#website","url":"https:\/\/patoagencja.com\/main\/","name":"Patoagencja","description":"Agencja Digital Marketing","publisher":{"@id":"https:\/\/patoagencja.com\/main\/#organization"},"potentialAction":[{"@type":"SearchAction","target":{"@type":"EntryPoint","urlTemplate":"https:\/\/patoagencja.com\/main\/?s={search_term_string}"},"query-input":"required name=search_term_string"}],"inLanguage":"pl-PL"},{"@type":"Organization","@id":"https:\/\/patoagencja.com\/main\/#organization","name":"Patoagencja","url":"https:\/\/patoagencja.com\/main\/","logo":{"@type":"ImageObject","inLanguage":"pl-PL","@id":"https:\/\/patoagencja.com\/main\/#\/schema\/logo\/image\/","url":"https:\/\/patoagencja.com\/wp-content\/uploads\/2022\/01\/Projekt-bez-tytulu-6.png","contentUrl":"https:\/\/patoagencja.com\/wp-content\/uploads\/2022\/01\/Projekt-bez-tytulu-6.png","width":1500,"height":600,"caption":"Patoagencja"},"image":{"@id":"https:\/\/patoagencja.com\/main\/#\/schema\/logo\/image\/"}}]}},"_links":{"self":[{"href":"https:\/\/patoagencja.com\/main\/wp-json\/wp\/v2\/pages\/5612","targetHints":{"allow":["GET"]}}],"collection":[{"href":"https:\/\/patoagencja.com\/main\/wp-json\/wp\/v2\/pages"}],"about":[{"href":"https:\/\/patoagencja.com\/main\/wp-json\/wp\/v2\/types\/page"}],"author":[{"embeddable":true,"href":"https:\/\/patoagencja.com\/main\/wp-json\/wp\/v2\/users\/1"}],"replies":[{"embeddable":true,"href":"https:\/\/patoagencja.com\/main\/wp-json\/wp\/v2\/comments?post=5612"}],"version-history":[{"count":8,"href":"https:\/\/patoagencja.com\/main\/wp-json\/wp\/v2\/pages\/5612\/revisions"}],"predecessor-version":[{"id":5695,"href":"https:\/\/patoagencja.com\/main\/wp-json\/wp\/v2\/pages\/5612\/revisions\/5695"}],"up":[{"embeddable":true,"href":"https:\/\/patoagencja.com\/main\/wp-json\/wp\/v2\/pages\/5652"}],"wp:attachment":[{"href":"https:\/\/patoagencja.com\/main\/wp-json\/wp\/v2\/media?parent=5612"}],"curies":[{"name":"wp","href":"https:\/\/api.w.org\/{rel}","templated":true}]}}